{"id":12466,"date":"2025-07-15T11:56:35","date_gmt":"2025-07-15T16:56:35","guid":{"rendered":"https:\/\/www.labrador-transparency.com\/?page_id=12466"},"modified":"2025-07-18T10:40:10","modified_gmt":"2025-07-18T15:40:10","slug":"cas-clients","status":"publish","type":"page","link":"https:\/\/uat.labrador-transparency.com\/fr\/cas-clients\/","title":{"rendered":"Cas Clients"},"content":{"rendered":"\t\t<div data-elementor-type=\"wp-page\" data-elementor-id=\"12466\" class=\"elementor elementor-12466\" data-elementor-post-type=\"page\">\n\t\t\t\t<div class=\"elementor-element elementor-element-0caa38f e-flex e-con-boxed e-con e-parent\" data-id=\"0caa38f\" data-element_type=\"container\" data-e-type=\"container\" data-settings=\"{&quot;background_background&quot;:&quot;classic&quot;}\">\n\t\t\t\t\t<div class=\"e-con-inner\">\n\t\t\t\t<div class=\"elementor-element elementor-element-79c3263 elementor-widget__width-initial elementor-widget elementor-widget-icon-box\" data-id=\"79c3263\" data-element_type=\"widget\" data-e-type=\"widget\" data-widget_type=\"icon-box.default\">\n\t\t\t\t\t\t\t<div class=\"elementor-icon-box-wrapper\">\n\n\t\t\t\n\t\t\t\t\t\t<div class=\"elementor-icon-box-content\">\n\n\t\t\t\t\t\t\t\t\t<h1 class=\"elementor-icon-box-title\">\n\t\t\t\t\t\t<span  >\n\t\t\t\t\t\t\tNos clients engag\u00e9s <br \/>pour la Transparence\t\t\t\t\t\t<\/span>\n\t\t\t\t\t<\/h1>\n\t\t\t\t\n\t\t\t\t\t\t\t\t\t<p class=\"elementor-icon-box-description\">\n\t\t\t\t\t\tD\u00e9couvrez comment nos champions de la Transparence <br \/>s'engagent pour une information utile.\t\t\t\t\t<\/p>\n\t\t\t\t\n\t\t\t<\/div>\n\t\t\t\n\t\t<\/div>\n\t\t\t\t\t\t<\/div>\n\t\t\t\t<div class=\"elementor-element elementor-element-c1e7d76 elementor-widget elementor-widget-image\" data-id=\"c1e7d76\" data-element_type=\"widget\" data-e-type=\"widget\" data-widget_type=\"image.default\">\n\t\t\t\t\t\t\t\t\t\t\t\t\t\t\t<img fetchpriority=\"high\" decoding=\"async\" width=\"2240\" height=\"720\" src=\"https:\/\/uat.labrador-transparency.com\/wp-content\/uploads\/2025\/06\/img-Clients-Transparence-cas-concrets.webp\" class=\"attachment-full size-full wp-image-9618\" alt=\"img Clients Transparence cas concrets\" srcset=\"https:\/\/uat.labrador-transparency.com\/wp-content\/uploads\/2025\/06\/img-Clients-Transparence-cas-concrets.webp 2240w, https:\/\/uat.labrador-transparency.com\/wp-content\/uploads\/2025\/06\/img-Clients-Transparence-cas-concrets-300x96.webp 300w, https:\/\/uat.labrador-transparency.com\/wp-content\/uploads\/2025\/06\/img-Clients-Transparence-cas-concrets-1024x329.webp 1024w, https:\/\/uat.labrador-transparency.com\/wp-content\/uploads\/2025\/06\/img-Clients-Transparence-cas-concrets-768x247.webp 768w, https:\/\/uat.labrador-transparency.com\/wp-content\/uploads\/2025\/06\/img-Clients-Transparence-cas-concrets-1536x494.webp 1536w, https:\/\/uat.labrador-transparency.com\/wp-content\/uploads\/2025\/06\/img-Clients-Transparence-cas-concrets-2048x658.webp 2048w\" sizes=\"(max-width: 2240px) 100vw, 2240px\" \/>\t\t\t\t\t\t\t\t\t\t\t\t\t\t\t<\/div>\n\t\t\t\t\t<\/div>\n\t\t\t\t<\/div>\n\t\t<div class=\"elementor-element elementor-element-e069ef7 e-flex e-con-boxed e-con e-parent\" data-id=\"e069ef7\" data-element_type=\"container\" data-e-type=\"container\" data-settings=\"{&quot;background_background&quot;:&quot;classic&quot;}\">\n\t\t\t\t\t<div class=\"e-con-inner\">\n\t\t<div class=\"elementor-element elementor-element-7ca7160 e-con-full e-flex e-con e-child\" data-id=\"7ca7160\" data-element_type=\"container\" data-e-type=\"container\">\n\t\t<div class=\"elementor-element elementor-element-a7d5047 e-con-full e-flex e-con e-child\" data-id=\"a7d5047\" data-element_type=\"container\" data-e-type=\"container\">\n\t\t\t\t<div class=\"elementor-element elementor-element-9db3188 elementor-widget elementor-widget-search-filter-field\" data-id=\"9db3188\" data-element_type=\"widget\" data-e-type=\"widget\" data-settings=\"{&quot;search_filter_field&quot;:&quot;field_12&quot;}\" data-widget_type=\"search-filter-field.default\">\n\t\t\t\t<div class=\"elementor-widget-container\">\n\t\t\t\t\t<div  class=\"search-filter-base search-filter-field search-filter-field--id-12 search-filter-field--type-search search-filter-field--input-type-text search-filter-style--id-1 search-filter-style--search-text\"  data-search-filter-settings=\"{&quot;attributes&quot;:{&quot;queryId&quot;:&quot;5&quot;,&quot;type&quot;:&quot;search&quot;,&quot;label&quot;:&quot;&quot;,&quot;showLabel&quot;:&quot;yes&quot;,&quot;showDescription&quot;:&quot;no&quot;,&quot;description&quot;:&quot;&quot;,&quot;inputType&quot;:&quot;text&quot;,&quot;placeholder&quot;:&quot;Rechercher&quot;,&quot;inputOptionsAddDefault&quot;:&quot;no&quot;,&quot;inputOptionsDefaultLabel&quot;:&quot;All items&quot;,&quot;inputOptionsOrder&quot;:&quot;yes&quot;,&quot;inputOptionsOrderDir&quot;:&quot;asc&quot;,&quot;taxonomyOrderBy&quot;:&quot;yes&quot;,&quot;taxonomyOrderDir&quot;:&quot;yes&quot;,&quot;taxonomyTermsConditions&quot;:&quot;all&quot;,&quot;taxonomyTerms&quot;:[],&quot;addClass&quot;:&quot;&quot;,&quot;stylesId&quot;:1,&quot;width&quot;:&quot;&quot;,&quot;inputShowIcon&quot;:&quot;yes&quot;,&quot;align&quot;:&quot;&quot;,&quot;alignment&quot;:&quot;&quot;,&quot;autoSubmit&quot;:&quot;yes&quot;,&quot;autoSubmitDelay&quot;:&quot;600&quot;,&quot;hideFieldWhenEmpty&quot;:&quot;no&quot;,&quot;defaultValueInheritArchive&quot;:&quot;yes&quot;,&quot;defaultValueInheritPost&quot;:&quot;no&quot;,&quot;defaultValueApplyToQuery&quot;:&quot;no&quot;,&quot;labelToggleVisibility&quot;:&quot;no&quot;,&quot;labelInitialVisibility&quot;:&quot;no&quot;,&quot;dataAcfGroup&quot;:&quot;&quot;,&quot;dataAcfField&quot;:&quot;&quot;,&quot;dataUrlName&quot;:&quot;&quot;,&quot;dataType&quot;:&quot;post_attribute&quot;,&quot;dataPostAttribute&quot;:&quot;default&quot;,&quot;dataTotalNumberOfOptions&quot;:&quot;30&quot;,&quot;defaultValueType&quot;:&quot;none&quot;},&quot;options&quot;:[],&quot;values&quot;:[],&quot;uid&quot;:1,&quot;urlName&quot;:&quot;s&quot;,&quot;icons&quot;:[&quot;search&quot;,&quot;clear&quot;],&quot;urlTemplate&quot;:[],&quot;id&quot;:12,&quot;connectedData&quot;:[],&quot;supports&quot;:[],&quot;elementorId&quot;:&quot;9db3188&quot;}\" ><\/div>\t\t\t\t<\/div>\n\t\t\t\t<\/div>\n\t\t\t\t<div class=\"elementor-element elementor-element-b4c78d1 elementor-widget elementor-widget-search-filter-field\" data-id=\"b4c78d1\" data-element_type=\"widget\" data-e-type=\"widget\" data-settings=\"{&quot;search_filter_field&quot;:&quot;field_11&quot;}\" data-widget_type=\"search-filter-field.default\">\n\t\t\t\t<div class=\"elementor-widget-container\">\n\t\t\t\t\t<div  class=\"search-filter-base search-filter-field search-filter-field--id-11 search-filter-field--type-choice search-filter-field--input-type-radio search-filter-style--id-1 search-filter-style--choice-radio\"  data-search-filter-settings=\"{&quot;attributes&quot;:{&quot;queryId&quot;:&quot;5&quot;,&quot;type&quot;:&quot;choice&quot;,&quot;label&quot;:&quot;&quot;,&quot;showLabel&quot;:&quot;yes&quot;,&quot;showDescription&quot;:&quot;no&quot;,&quot;description&quot;:&quot;&quot;,&quot;inputType&quot;:&quot;radio&quot;,&quot;placeholder&quot;:&quot;&quot;,&quot;dataPostTypes&quot;:[],&quot;dataPostStati&quot;:[&quot;publish&quot;],&quot;multiple&quot;:&quot;no&quot;,&quot;inputOptionsAddDefault&quot;:&quot;no&quot;,&quot;inputOptionsDefaultLabel&quot;:&quot;All items&quot;,&quot;hideEmpty&quot;:&quot;yes&quot;,&quot;showCount&quot;:&quot;no&quot;,&quot;showCountBrackets&quot;:&quot;yes&quot;,&quot;showCountPosition&quot;:&quot;inline&quot;,&quot;dataTotalNumberOfOptions&quot;:&quot;30&quot;,&quot;inputOptionsOrder&quot;:&quot;yes&quot;,&quot;inputOptionsOrderDir&quot;:&quot;yes&quot;,&quot;taxonomyHierarchical&quot;:&quot;yes&quot;,&quot;limitTaxonomyDepth&quot;:&quot;no&quot;,&quot;taxonomyDepth&quot;:&quot;1&quot;,&quot;taxonomyFilterArchive&quot;:&quot;no&quot;,&quot;taxonomyOrderBy&quot;:&quot;name&quot;,&quot;taxonomyOrderDir&quot;:&quot;asc&quot;,&quot;taxonomyTermsConditions&quot;:&quot;all&quot;,&quot;taxonomyTerms&quot;:[],&quot;addClass&quot;:&quot;&quot;,&quot;stylesId&quot;:1,&quot;width&quot;:&quot;&quot;,&quot;inputShowIcon&quot;:&quot;yes&quot;,&quot;align&quot;:&quot;&quot;,&quot;alignment&quot;:&quot;&quot;,&quot;autoSubmit&quot;:&quot;yes&quot;,&quot;autoSubmitDelay&quot;:&quot;0&quot;,&quot;hideFieldWhenEmpty&quot;:&quot;no&quot;,&quot;defaultValueInheritArchive&quot;:&quot;yes&quot;,&quot;defaultValueInheritPost&quot;:&quot;no&quot;,&quot;defaultValueApplyToQuery&quot;:&quot;no&quot;,&quot;labelToggleVisibility&quot;:&quot;no&quot;,&quot;labelInitialVisibility&quot;:&quot;no&quot;,&quot;dataPostAuthorConditions&quot;:&quot;all&quot;,&quot;dataPostAuthors&quot;:[],&quot;dataPostAuthorRoles&quot;:[],&quot;dataPostAuthorCapabilities&quot;:[],&quot;dataAcfGroup&quot;:&quot;&quot;,&quot;dataAcfField&quot;:&quot;&quot;,&quot;dataUrlName&quot;:&quot;&quot;,&quot;dataType&quot;:&quot;taxonomy&quot;,&quot;defaultValueType&quot;:&quot;none&quot;,&quot;dataTaxonomy&quot;:&quot;cas_clients_categories&quot;},&quot;options&quot;:[{&quot;value&quot;:&quot;consommation&quot;,&quot;label&quot;:&quot;Consommation&quot;,&quot;depth&quot;:0,&quot;id&quot;:161,&quot;parent_id&quot;:0,&quot;count&quot;:1,&quot;options&quot;:[]}],&quot;values&quot;:[],&quot;uid&quot;:2,&quot;urlName&quot;:&quot;cas_clients_categories&quot;,&quot;icons&quot;:[&quot;radio&quot;,&quot;radio-checked&quot;],&quot;urlTemplate&quot;:[],&quot;id&quot;:11,&quot;connectedData&quot;:{&quot;taxonomyParents&quot;:{&quot;161&quot;:[]},&quot;termIdentifiers&quot;:[{&quot;id&quot;:161,&quot;slug&quot;:&quot;consommation&quot;}],&quot;optionsLabels&quot;:{&quot;consommation&quot;:&quot;Consommation&quot;}},&quot;supports&quot;:[],&quot;elementorId&quot;:&quot;b4c78d1&quot;}\" ><\/div>\t\t\t\t<\/div>\n\t\t\t\t<\/div>\n\t\t\t\t<\/div>\n\t\t\t\t<\/div>\n\t\t<div class=\"elementor-element elementor-element-418adad e-con-full lab-posts e-flex e-con e-child\" data-id=\"418adad\" data-element_type=\"container\" data-e-type=\"container\">\n\t\t\t\t<div class=\"search-filter-query--id-5 elementor-element elementor-element-3e68ff9 elementor-grid-1 elementor-grid-tablet-1 elementor-posts--thumbnail-top elementor-grid-mobile-1 elementor-widget elementor-widget-posts\" data-id=\"3e68ff9\" data-element_type=\"widget\" data-e-type=\"widget\" data-settings=\"{&quot;custom_columns&quot;:&quot;1&quot;,&quot;custom_columns_tablet&quot;:&quot;1&quot;,&quot;custom_columns_mobile&quot;:&quot;1&quot;,&quot;custom_row_gap&quot;:{&quot;unit&quot;:&quot;px&quot;,&quot;size&quot;:35,&quot;sizes&quot;:[]},&quot;custom_row_gap_tablet&quot;:{&quot;unit&quot;:&quot;px&quot;,&quot;size&quot;:&quot;&quot;,&quot;sizes&quot;:[]},&quot;custom_row_gap_mobile&quot;:{&quot;unit&quot;:&quot;px&quot;,&quot;size&quot;:&quot;&quot;,&quot;sizes&quot;:[]}}\" data-widget_type=\"posts.custom\">\n\t\t\t\t<div class=\"elementor-widget-container\">\n\t\t\t\t\t<span class=\"search-filter-query--no-results \">Il semble que nous ne puissions pas trouver ce que vous cherchez.<\/span>\t\t\t\t<\/div>\n\t\t\t\t<\/div>\n\t\t\t\t<\/div>\n\t\t\t\t\t<\/div>\n\t\t\t\t<\/div>\n\t\t<div class=\"elementor-element elementor-element-461d4a3 footer-cta e-flex e-con-boxed e-con e-parent\" data-id=\"461d4a3\" data-element_type=\"container\" data-e-type=\"container\">\n\t\t\t\t\t<div class=\"e-con-inner\">\n\t\t\t\t<div class=\"elementor-element elementor-element-fe4731b elementor-widget__width-initial elementor-widget elementor-widget-heading\" data-id=\"fe4731b\" data-element_type=\"widget\" data-e-type=\"widget\" data-widget_type=\"heading.default\">\n\t\t\t\t\t<h2 class=\"elementor-heading-title elementor-size-default\">Et si la Transparence <br \/>changeait votre fa\u00e7on d\u2019informer ?<\/h2>\t\t\t\t<\/div>\n\t\t\t\t<div class=\"elementor-element elementor-element-3863570 elementor-widget__width-initial elementor-widget elementor-widget-heading\" data-id=\"3863570\" data-element_type=\"widget\" data-e-type=\"widget\" data-widget_type=\"heading.default\">\n\t\t\t\t\t<p class=\"elementor-heading-title elementor-size-default\">Nos clients font le choix d\u2019une information utile pour leurs lecteurs. Comme eux, misez sur la Transparence pour vos communications strat\u00e9giques. <\/p>\t\t\t\t<\/div>\n\t\t\t\t<div class=\"elementor-element elementor-element-e2c4be4 btn-style btn elementor-widget elementor-widget-button\" data-id=\"e2c4be4\" data-element_type=\"widget\" data-e-type=\"widget\" data-widget_type=\"button.default\">\n\t\t\t\t\t\t\t\t\t\t<a class=\"elementor-button elementor-button-link elementor-size-sm\" href=\"https:\/\/uat.labrador-transparency.com\/fr\/contact\/\">\n\t\t\t\t\t\t<span class=\"elementor-button-content-wrapper\">\n\t\t\t\t\t\t<span class=\"elementor-button-icon\">\n\t\t\t\t<i aria-hidden=\"true\" class=\"far fa-arrow-right\"><\/i>\t\t\t<\/span>\n\t\t\t\t\t\t\t\t\t<span class=\"elementor-button-text\">Rejoignez les entreprises qui choisissent la Transparence<\/span>\n\t\t\t\t\t<\/span>\n\t\t\t\t\t<\/a>\n\t\t\t\t\t\t\t\t<\/div>\n\t\t\t\t\t<\/div>\n\t\t\t\t<\/div>\n\t\t\t\t<\/div>\n\t\t","protected":false},"excerpt":{"rendered":"<p>Nos clients engag\u00e9s pour la Transparence D\u00e9couvrez comment nos champions de la Transparence s&rsquo;engagent pour une information utile. Et si la Transparence changeait votre fa\u00e7on d\u2019informer ? Nos clients font le choix d\u2019une information utile pour leurs lecteurs. Comme eux, misez sur la Transparence pour vos communications strat\u00e9giques. Rejoignez les entreprises qui choisissent la Transparence<\/p>\n","protected":false},"author":41,"featured_media":0,"parent":0,"menu_order":0,"comment_status":"closed","ping_status":"closed","template":"","meta":{"_acf_changed":false,"content-type":"","inline_featured_image":false,"footnotes":""},"class_list":["post-12466","page","type-page","status-publish","hentry"],"acf":[],"yoast_head":"<!-- This site is optimized with the Yoast SEO plugin v26.8 - https:\/\/yoast.com\/product\/yoast-seo-wordpress\/ -->\n<title>Cas clients | Labrador Transparency<\/title>\n<meta name=\"description\" content=\"Nos clients transforment leurs donn\u00e9es financi\u00e8res, ESG et juridiques complexes en information claire et utile. D\u00e9couvrez comment !\" \/>\n<meta name=\"robots\" content=\"index, follow, max-snippet:-1, max-image-preview:large, max-video-preview:-1\" \/>\n<link rel=\"canonical\" href=\"https:\/\/uat.labrador-transparency.com\/fr\/cas-clients\/\" \/>\n<meta property=\"og:locale\" content=\"fr_FR\" \/>\n<meta property=\"og:type\" content=\"article\" \/>\n<meta property=\"og:title\" content=\"Cas clients | Labrador Transparency\" \/>\n<meta property=\"og:description\" content=\"Nos clients transforment leurs donn\u00e9es financi\u00e8res, ESG et juridiques complexes en information claire et utile. D\u00e9couvrez comment !\" \/>\n<meta property=\"og:url\" content=\"https:\/\/uat.labrador-transparency.com\/fr\/cas-clients\/\" \/>\n<meta property=\"og:site_name\" content=\"Labrador Transparency\" \/>\n<meta property=\"article:modified_time\" content=\"2025-07-18T15:40:10+00:00\" \/>\n<meta property=\"og:image\" content=\"https:\/\/www.labrador-transparency.com\/wp-content\/uploads\/2025\/06\/img-Clients-Transparence-cas-concrets.webp\" \/>\n<meta name=\"twitter:card\" content=\"summary_large_image\" \/>\n<meta name=\"twitter:label1\" content=\"Dur\u00e9e de lecture estim\u00e9e\" \/>\n\t<meta name=\"twitter:data1\" content=\"1 minute\" \/>\n<script type=\"application\/ld+json\" class=\"yoast-schema-graph\">{\"@context\":\"https:\/\/schema.org\",\"@graph\":[{\"@type\":\"WebPage\",\"@id\":\"https:\/\/uat.labrador-transparency.com\/fr\/cas-clients\/\",\"url\":\"https:\/\/uat.labrador-transparency.com\/fr\/cas-clients\/\",\"name\":\"Cas clients | Labrador Transparency\",\"isPartOf\":{\"@id\":\"https:\/\/uat.labrador-transparency.com\/fr\/#website\"},\"primaryImageOfPage\":{\"@id\":\"https:\/\/uat.labrador-transparency.com\/fr\/cas-clients\/#primaryimage\"},\"image\":{\"@id\":\"https:\/\/uat.labrador-transparency.com\/fr\/cas-clients\/#primaryimage\"},\"thumbnailUrl\":\"https:\/\/www.labrador-transparency.com\/wp-content\/uploads\/2025\/06\/img-Clients-Transparence-cas-concrets.webp\",\"datePublished\":\"2025-07-15T16:56:35+00:00\",\"dateModified\":\"2025-07-18T15:40:10+00:00\",\"description\":\"Nos clients transforment leurs donn\u00e9es financi\u00e8res, ESG et juridiques complexes en information claire et utile. D\u00e9couvrez comment !\",\"breadcrumb\":{\"@id\":\"https:\/\/uat.labrador-transparency.com\/fr\/cas-clients\/#breadcrumb\"},\"inLanguage\":\"fr-FR\",\"potentialAction\":[{\"@type\":\"ReadAction\",\"target\":[\"https:\/\/uat.labrador-transparency.com\/fr\/cas-clients\/\"]}]},{\"@type\":\"ImageObject\",\"inLanguage\":\"fr-FR\",\"@id\":\"https:\/\/uat.labrador-transparency.com\/fr\/cas-clients\/#primaryimage\",\"url\":\"https:\/\/www.labrador-transparency.com\/wp-content\/uploads\/2025\/06\/img-Clients-Transparence-cas-concrets.webp\",\"contentUrl\":\"https:\/\/www.labrador-transparency.com\/wp-content\/uploads\/2025\/06\/img-Clients-Transparence-cas-concrets.webp\"},{\"@type\":\"BreadcrumbList\",\"@id\":\"https:\/\/uat.labrador-transparency.com\/fr\/cas-clients\/#breadcrumb\",\"itemListElement\":[{\"@type\":\"ListItem\",\"position\":1,\"name\":\"Home\",\"item\":\"https:\/\/uat.labrador-transparency.com\/fr\/\"},{\"@type\":\"ListItem\",\"position\":2,\"name\":\"Cas Clients\"}]},{\"@type\":\"WebSite\",\"@id\":\"https:\/\/uat.labrador-transparency.com\/fr\/#website\",\"url\":\"https:\/\/uat.labrador-transparency.com\/fr\/\",\"name\":\"Labrador Transparency\",\"description\":\"\",\"publisher\":{\"@id\":\"https:\/\/uat.labrador-transparency.com\/fr\/#organization\"},\"potentialAction\":[{\"@type\":\"SearchAction\",\"target\":{\"@type\":\"EntryPoint\",\"urlTemplate\":\"https:\/\/uat.labrador-transparency.com\/fr\/?s={search_term_string}\"},\"query-input\":{\"@type\":\"PropertyValueSpecification\",\"valueRequired\":true,\"valueName\":\"search_term_string\"}}],\"inLanguage\":\"fr-FR\"},{\"@type\":\"Organization\",\"@id\":\"https:\/\/uat.labrador-transparency.com\/fr\/#organization\",\"name\":\"Labrador\",\"url\":\"https:\/\/uat.labrador-transparency.com\/fr\/\",\"logo\":{\"@type\":\"ImageObject\",\"inLanguage\":\"fr-FR\",\"@id\":\"https:\/\/uat.labrador-transparency.com\/fr\/#\/schema\/logo\/image\/\",\"url\":\"https:\/\/uat.labrador-transparency.com\/wp-content\/uploads\/2021\/11\/logo-r1.svg\",\"contentUrl\":\"https:\/\/uat.labrador-transparency.com\/wp-content\/uploads\/2021\/11\/logo-r1.svg\",\"width\":304,\"height\":60,\"caption\":\"Labrador\"},\"image\":{\"@id\":\"https:\/\/uat.labrador-transparency.com\/fr\/#\/schema\/logo\/image\/\"}}]}<\/script>\n<!-- \/ Yoast SEO plugin. -->","yoast_head_json":{"title":"Cas clients | Labrador Transparency","description":"Nos clients transforment leurs donn\u00e9es financi\u00e8res, ESG et juridiques complexes en information claire et utile. D\u00e9couvrez comment !","robots":{"index":"index","follow":"follow","max-snippet":"max-snippet:-1","max-image-preview":"max-image-preview:large","max-video-preview":"max-video-preview:-1"},"canonical":"https:\/\/uat.labrador-transparency.com\/fr\/cas-clients\/","og_locale":"fr_FR","og_type":"article","og_title":"Cas clients | Labrador Transparency","og_description":"Nos clients transforment leurs donn\u00e9es financi\u00e8res, ESG et juridiques complexes en information claire et utile. D\u00e9couvrez comment !","og_url":"https:\/\/uat.labrador-transparency.com\/fr\/cas-clients\/","og_site_name":"Labrador Transparency","article_modified_time":"2025-07-18T15:40:10+00:00","og_image":[{"url":"https:\/\/www.labrador-transparency.com\/wp-content\/uploads\/2025\/06\/img-Clients-Transparence-cas-concrets.webp","type":"","width":"","height":""}],"twitter_card":"summary_large_image","twitter_misc":{"Dur\u00e9e de lecture estim\u00e9e":"1 minute"},"schema":{"@context":"https:\/\/schema.org","@graph":[{"@type":"WebPage","@id":"https:\/\/uat.labrador-transparency.com\/fr\/cas-clients\/","url":"https:\/\/uat.labrador-transparency.com\/fr\/cas-clients\/","name":"Cas clients | Labrador Transparency","isPartOf":{"@id":"https:\/\/uat.labrador-transparency.com\/fr\/#website"},"primaryImageOfPage":{"@id":"https:\/\/uat.labrador-transparency.com\/fr\/cas-clients\/#primaryimage"},"image":{"@id":"https:\/\/uat.labrador-transparency.com\/fr\/cas-clients\/#primaryimage"},"thumbnailUrl":"https:\/\/www.labrador-transparency.com\/wp-content\/uploads\/2025\/06\/img-Clients-Transparence-cas-concrets.webp","datePublished":"2025-07-15T16:56:35+00:00","dateModified":"2025-07-18T15:40:10+00:00","description":"Nos clients transforment leurs donn\u00e9es financi\u00e8res, ESG et juridiques complexes en information claire et utile. D\u00e9couvrez comment !","breadcrumb":{"@id":"https:\/\/uat.labrador-transparency.com\/fr\/cas-clients\/#breadcrumb"},"inLanguage":"fr-FR","potentialAction":[{"@type":"ReadAction","target":["https:\/\/uat.labrador-transparency.com\/fr\/cas-clients\/"]}]},{"@type":"ImageObject","inLanguage":"fr-FR","@id":"https:\/\/uat.labrador-transparency.com\/fr\/cas-clients\/#primaryimage","url":"https:\/\/www.labrador-transparency.com\/wp-content\/uploads\/2025\/06\/img-Clients-Transparence-cas-concrets.webp","contentUrl":"https:\/\/www.labrador-transparency.com\/wp-content\/uploads\/2025\/06\/img-Clients-Transparence-cas-concrets.webp"},{"@type":"BreadcrumbList","@id":"https:\/\/uat.labrador-transparency.com\/fr\/cas-clients\/#breadcrumb","itemListElement":[{"@type":"ListItem","position":1,"name":"Home","item":"https:\/\/uat.labrador-transparency.com\/fr\/"},{"@type":"ListItem","position":2,"name":"Cas Clients"}]},{"@type":"WebSite","@id":"https:\/\/uat.labrador-transparency.com\/fr\/#website","url":"https:\/\/uat.labrador-transparency.com\/fr\/","name":"Labrador Transparency","description":"","publisher":{"@id":"https:\/\/uat.labrador-transparency.com\/fr\/#organization"},"potentialAction":[{"@type":"SearchAction","target":{"@type":"EntryPoint","urlTemplate":"https:\/\/uat.labrador-transparency.com\/fr\/?s={search_term_string}"},"query-input":{"@type":"PropertyValueSpecification","valueRequired":true,"valueName":"search_term_string"}}],"inLanguage":"fr-FR"},{"@type":"Organization","@id":"https:\/\/uat.labrador-transparency.com\/fr\/#organization","name":"Labrador","url":"https:\/\/uat.labrador-transparency.com\/fr\/","logo":{"@type":"ImageObject","inLanguage":"fr-FR","@id":"https:\/\/uat.labrador-transparency.com\/fr\/#\/schema\/logo\/image\/","url":"https:\/\/uat.labrador-transparency.com\/wp-content\/uploads\/2021\/11\/logo-r1.svg","contentUrl":"https:\/\/uat.labrador-transparency.com\/wp-content\/uploads\/2021\/11\/logo-r1.svg","width":304,"height":60,"caption":"Labrador"},"image":{"@id":"https:\/\/uat.labrador-transparency.com\/fr\/#\/schema\/logo\/image\/"}}]}},"publishpress_future_action":{"enabled":false,"date":"2026-04-23 16:25:04","action":"change-status","newStatus":"draft","terms":[],"taxonomy":"translation_priority","extraData":[]},"publishpress_future_workflow_manual_trigger":{"enabledWorkflows":[]},"_links":{"self":[{"href":"https:\/\/uat.labrador-transparency.com\/fr\/wp-json\/wp\/v2\/pages\/12466","targetHints":{"allow":["GET"]}}],"collection":[{"href":"https:\/\/uat.labrador-transparency.com\/fr\/wp-json\/wp\/v2\/pages"}],"about":[{"href":"https:\/\/uat.labrador-transparency.com\/fr\/wp-json\/wp\/v2\/types\/page"}],"author":[{"embeddable":true,"href":"https:\/\/uat.labrador-transparency.com\/fr\/wp-json\/wp\/v2\/users\/41"}],"replies":[{"embeddable":true,"href":"https:\/\/uat.labrador-transparency.com\/fr\/wp-json\/wp\/v2\/comments?post=12466"}],"version-history":[{"count":0,"href":"https:\/\/uat.labrador-transparency.com\/fr\/wp-json\/wp\/v2\/pages\/12466\/revisions"}],"wp:attachment":[{"href":"https:\/\/uat.labrador-transparency.com\/fr\/wp-json\/wp\/v2\/media?parent=12466"}],"curies":[{"name":"wp","href":"https:\/\/api.w.org\/{rel}","templated":true}]}}