{"id":1424,"date":"2025-05-08T01:33:49","date_gmt":"2025-05-08T06:33:49","guid":{"rendered":"https:\/\/www.labrador-transparency.com\/?page_id=1424"},"modified":"2025-06-04T04:37:13","modified_gmt":"2025-06-04T09:37:13","slug":"iris","status":"publish","type":"page","link":"https:\/\/uat.labrador-transparency.com\/fr\/iris\/","title":{"rendered":"IRIS"},"content":{"rendered":"\t\t<div data-elementor-type=\"wp-page\" data-elementor-id=\"1424\" class=\"elementor elementor-1424\" data-elementor-post-type=\"page\">\n\t\t\t\t<div class=\"elementor-element elementor-element-e1ddd37 e-flex e-con-boxed e-con e-parent\" data-id=\"e1ddd37\" data-element_type=\"container\" data-e-type=\"container\" data-settings=\"{&quot;background_background&quot;:&quot;classic&quot;}\">\n\t\t\t\t\t<div class=\"e-con-inner\">\n\t\t\t\t<div class=\"elementor-element elementor-element-79dfde2 elementor-widget__width-inherit elementor-widget elementor-widget-heading\" data-id=\"79dfde2\" data-element_type=\"widget\" data-e-type=\"widget\" data-widget_type=\"heading.default\">\n\t\t\t\t\t<h1 class=\"elementor-heading-title elementor-size-default\">IRIS : l\u2019acc\u00e8s simplifi\u00e9 \u00e0 l\u2019information r\u00e9glement\u00e9e<\/h1>\t\t\t\t<\/div>\n\t\t\t\t<div class=\"elementor-element elementor-element-b7440fd btn-style btn elementor-widget elementor-widget-button\" data-id=\"b7440fd\" data-element_type=\"widget\" data-e-type=\"widget\" data-widget_type=\"button.default\">\n\t\t\t\t\t\t\t\t\t\t<a class=\"elementor-button elementor-button-link elementor-size-sm\" href=\"https:\/\/iris-transparency.com\/\" target=\"_blank\">\n\t\t\t\t\t\t<span class=\"elementor-button-content-wrapper\">\n\t\t\t\t\t\t<span class=\"elementor-button-icon\">\n\t\t\t\t<i aria-hidden=\"true\" class=\"far fa-arrow-right\"><\/i>\t\t\t<\/span>\n\t\t\t\t\t\t\t\t\t<span class=\"elementor-button-text\">Explorez les publications cl\u00e9s des entreprises du monde entier<\/span>\n\t\t\t\t\t<\/span>\n\t\t\t\t\t<\/a>\n\t\t\t\t\t\t\t\t<\/div>\n\t\t\t\t<div class=\"elementor-element elementor-element-fe5548c elementor-widget elementor-widget-image\" data-id=\"fe5548c\" data-element_type=\"widget\" data-e-type=\"widget\" data-widget_type=\"image.default\">\n\t\t\t\t\t\t\t\t\t\t\t\t\t\t\t<img fetchpriority=\"high\" decoding=\"async\" width=\"2240\" height=\"720\" src=\"https:\/\/uat.labrador-transparency.com\/wp-content\/uploads\/2025\/05\/banner-IRIS-fr.webp\" class=\"attachment-full size-full wp-image-6634\" alt=\"banner IRIS fr\" srcset=\"https:\/\/uat.labrador-transparency.com\/wp-content\/uploads\/2025\/05\/banner-IRIS-fr.webp 2240w, https:\/\/uat.labrador-transparency.com\/wp-content\/uploads\/2025\/05\/banner-IRIS-fr-300x96.webp 300w, https:\/\/uat.labrador-transparency.com\/wp-content\/uploads\/2025\/05\/banner-IRIS-fr-1024x329.webp 1024w, https:\/\/uat.labrador-transparency.com\/wp-content\/uploads\/2025\/05\/banner-IRIS-fr-768x247.webp 768w, https:\/\/uat.labrador-transparency.com\/wp-content\/uploads\/2025\/05\/banner-IRIS-fr-1536x494.webp 1536w, https:\/\/uat.labrador-transparency.com\/wp-content\/uploads\/2025\/05\/banner-IRIS-fr-2048x658.webp 2048w\" sizes=\"(max-width: 2240px) 100vw, 2240px\" \/>\t\t\t\t\t\t\t\t\t\t\t\t\t\t\t<\/div>\n\t\t<div class=\"elementor-element elementor-element-86a8ae0 e-con-full e-flex e-con e-child\" data-id=\"86a8ae0\" data-element_type=\"container\" data-e-type=\"container\">\n\t\t\t\t<div class=\"elementor-element elementor-element-6e33e5c elementor-widget__width-initial elementor-widget elementor-widget-icon-box\" data-id=\"6e33e5c\" data-element_type=\"widget\" data-e-type=\"widget\" data-widget_type=\"icon-box.default\">\n\t\t\t\t\t\t\t<div class=\"elementor-icon-box-wrapper\">\n\n\t\t\t\n\t\t\t\t\t\t<div class=\"elementor-icon-box-content\">\n\n\t\t\t\t\t\t\t\t\t<h2 class=\"elementor-icon-box-title\">\n\t\t\t\t\t\t<span  >\n\t\t\t\t\t\t\tIRIS est une plateforme digitale innovante qui centralise les documents r\u00e9glement\u00e9s des entreprises \u00e0 l\u2019\u00e9chelle mondiale.\t\t\t\t\t\t<\/span>\n\t\t\t\t\t<\/h2>\n\t\t\t\t\n\t\t\t\t\n\t\t\t<\/div>\n\t\t\t\n\t\t<\/div>\n\t\t\t\t\t\t<\/div>\n\t\t\t\t<div class=\"elementor-element elementor-element-ec46c11 elementor-widget elementor-widget-heading\" data-id=\"ec46c11\" data-element_type=\"widget\" data-e-type=\"widget\" data-widget_type=\"heading.default\">\n\t\t\t\t\t<h3 class=\"elementor-heading-title elementor-size-default\">La Transparence commence par l'acc\u00e8s \u00e0 l'information<\/h3>\t\t\t\t<\/div>\n\t\t\t\t<div class=\"elementor-element elementor-element-acac59a elementor-widget elementor-widget-text-editor\" data-id=\"acac59a\" data-element_type=\"widget\" data-e-type=\"widget\" data-widget_type=\"text-editor.default\">\n\t\t\t\t\t\t\t\t\t<p>Cette initiative s\u2019inscrit pleinement dans l\u2019engagement du groupe Labrador Transparency en faveur d\u2019une \u00e9conomie plus transparente et responsable. IRIS r\u00e9pond \u00e0 la mission d\u2019int\u00e9r\u00eat g\u00e9n\u00e9ral du Groupe, qui vise \u00e0 d\u00e9mocratiser l\u2019acc\u00e8s \u00e0 l\u2019information cruciale des entreprises et \u00e0 renforcer la confiance dans les march\u00e9s financiers.<\/p><p><strong>Gratuite et facile d\u2019acc\u00e8s, IRIS offre une solution imm\u00e9diate aux analystes, investisseurs et autres parties prenantes<\/strong>, en r\u00e9pondant aux exigences de Transparence et de clart\u00e9 dans un environnement \u00e9conomique de plus en plus complexe.<\/p><p>Que ce soit des rapports financiers, des documents ESG ou des rapports de gestion, tout est accessible en un seul clic.<\/p><p>Gagnez du temps, simplifiez vos recherches et prenez des d\u00e9cisions \u00e9clair\u00e9es gr\u00e2ce \u00e0 des informations fiables et actualis\u00e9es.<\/p>\t\t\t\t\t\t\t\t<\/div>\n\t\t\t\t<div class=\"elementor-element elementor-element-0bddfbb elementor-widget elementor-widget-heading\" data-id=\"0bddfbb\" data-element_type=\"widget\" data-e-type=\"widget\" data-widget_type=\"heading.default\">\n\t\t\t\t\t<h3 class=\"elementor-heading-title elementor-size-default\">Rechercher, consulter, comparer : une nouvelle exp\u00e9rience d\u2019acc\u00e8s \u00e0 l\u2019information r\u00e9glement\u00e9e<\/h3>\t\t\t\t<\/div>\n\t\t\t\t<div class=\"elementor-element elementor-element-9440717 elementor-widget__width-inherit elementor-icon-list--layout-traditional elementor-list-item-link-full_width elementor-widget elementor-widget-icon-list\" data-id=\"9440717\" data-element_type=\"widget\" data-e-type=\"widget\" data-widget_type=\"icon-list.default\">\n\t\t\t\t\t\t\t<ul class=\"elementor-icon-list-items\">\n\t\t\t\t\t\t\t<li class=\"elementor-icon-list-item\">\n\t\t\t\t\t\t\t\t\t\t\t<span class=\"elementor-icon-list-icon\">\n\t\t\t\t\t\t\t<svg aria-hidden=\"true\" class=\"e-font-icon-svg e-far-check-circle\" viewBox=\"0 0 512 512\" xmlns=\"http:\/\/www.w3.org\/2000\/svg\"><path d=\"M256 8C119.033 8 8 119.033 8 256s111.033 248 248 248 248-111.033 248-248S392.967 8 256 8zm0 48c110.532 0 200 89.451 200 200 0 110.532-89.451 200-200 200-110.532 0-200-89.451-200-200 0-110.532 89.451-200 200-200m140.204 130.267l-22.536-22.718c-4.667-4.705-12.265-4.736-16.97-.068L215.346 303.697l-59.792-60.277c-4.667-4.705-12.265-4.736-16.97-.069l-22.719 22.536c-4.705 4.667-4.736 12.265-.068 16.971l90.781 91.516c4.667 4.705 12.265 4.736 16.97.068l172.589-171.204c4.704-4.668 4.734-12.266.067-16.971z\"><\/path><\/svg>\t\t\t\t\t\t<\/span>\n\t\t\t\t\t\t\t\t\t\t<span class=\"elementor-icon-list-text\"><strong>Centralisation :<\/strong> acc\u00e9dez \u00e0 tous les documents r\u00e9glement\u00e9s des entreprises en un seul endroit.<\/span>\n\t\t\t\t\t\t\t\t\t<\/li>\n\t\t\t\t\t\t\t\t<li class=\"elementor-icon-list-item\">\n\t\t\t\t\t\t\t\t\t\t\t<span class=\"elementor-icon-list-icon\">\n\t\t\t\t\t\t\t<svg aria-hidden=\"true\" class=\"e-font-icon-svg e-far-check-circle\" viewBox=\"0 0 512 512\" xmlns=\"http:\/\/www.w3.org\/2000\/svg\"><path d=\"M256 8C119.033 8 8 119.033 8 256s111.033 248 248 248 248-111.033 248-248S392.967 8 256 8zm0 48c110.532 0 200 89.451 200 200 0 110.532-89.451 200-200 200-110.532 0-200-89.451-200-200 0-110.532 89.451-200 200-200m140.204 130.267l-22.536-22.718c-4.667-4.705-12.265-4.736-16.97-.068L215.346 303.697l-59.792-60.277c-4.667-4.705-12.265-4.736-16.97-.069l-22.719 22.536c-4.705 4.667-4.736 12.265-.068 16.971l90.781 91.516c4.667 4.705 12.265 4.736 16.97.068l172.589-171.204c4.704-4.668 4.734-12.266.067-16.971z\"><\/path><\/svg>\t\t\t\t\t\t<\/span>\n\t\t\t\t\t\t\t\t\t\t<span class=\"elementor-icon-list-text\"><strong>Gratuit\u00e9 :<\/strong> profitez d\u2019un acc\u00e8s gratuit \u00e0 des donn\u00e9es strat\u00e9giques.<\/span>\n\t\t\t\t\t\t\t\t\t<\/li>\n\t\t\t\t\t\t\t\t<li class=\"elementor-icon-list-item\">\n\t\t\t\t\t\t\t\t\t\t\t<span class=\"elementor-icon-list-icon\">\n\t\t\t\t\t\t\t<svg aria-hidden=\"true\" class=\"e-font-icon-svg e-far-check-circle\" viewBox=\"0 0 512 512\" xmlns=\"http:\/\/www.w3.org\/2000\/svg\"><path d=\"M256 8C119.033 8 8 119.033 8 256s111.033 248 248 248 248-111.033 248-248S392.967 8 256 8zm0 48c110.532 0 200 89.451 200 200 0 110.532-89.451 200-200 200-110.532 0-200-89.451-200-200 0-110.532 89.451-200 200-200m140.204 130.267l-22.536-22.718c-4.667-4.705-12.265-4.736-16.97-.068L215.346 303.697l-59.792-60.277c-4.667-4.705-12.265-4.736-16.97-.069l-22.719 22.536c-4.705 4.667-4.736 12.265-.068 16.971l90.781 91.516c4.667 4.705 12.265 4.736 16.97.068l172.589-171.204c4.704-4.668 4.734-12.266.067-16.971z\"><\/path><\/svg>\t\t\t\t\t\t<\/span>\n\t\t\t\t\t\t\t\t\t\t<span class=\"elementor-icon-list-text\"><strong>Simplicit\u00e9 :<\/strong> une interface intuitive pour trouver facilement l'information qu'il vous faut.<\/span>\n\t\t\t\t\t\t\t\t\t<\/li>\n\t\t\t\t\t\t<\/ul>\n\t\t\t\t\t\t<\/div>\n\t\t\t\t<div class=\"elementor-element elementor-element-eba64ba elementor-widget elementor-widget-text-editor\" data-id=\"eba64ba\" data-element_type=\"widget\" data-e-type=\"widget\" data-widget_type=\"text-editor.default\">\n\t\t\t\t\t\t\t\t\t<p>IRIS est bien plus qu\u2019un outil de recherche. C\u2019est une r\u00e9ponse directe \u00e0 la volont\u00e9 de Labrador Transparency de favoriser la Transparence, la responsabilit\u00e9 et la confiance dans l\u2019information des entreprises.<\/p>\t\t\t\t\t\t\t\t<\/div>\n\t\t\t\t<\/div>\n\t\t\t\t\t<\/div>\n\t\t\t\t<\/div>\n\t\t<div class=\"elementor-element elementor-element-a6342fc footer-cta e-flex e-con-boxed e-con e-parent\" data-id=\"a6342fc\" data-element_type=\"container\" data-e-type=\"container\">\n\t\t\t\t\t<div class=\"e-con-inner\">\n\t\t\t\t<div class=\"elementor-element elementor-element-72d4777 elementor-widget__width-initial elementor-widget elementor-widget-heading\" data-id=\"72d4777\" data-element_type=\"widget\" data-e-type=\"widget\" data-widget_type=\"heading.default\">\n\t\t\t\t\t<h2 class=\"elementor-heading-title elementor-size-default\">D\u00e9couvrir IRIS, la plateforme de la Transparence mondiale<\/h2>\t\t\t\t<\/div>\n\t\t\t\t<div class=\"elementor-element elementor-element-d671e60 elementor-widget__width-initial elementor-widget elementor-widget-heading\" data-id=\"d671e60\" data-element_type=\"widget\" data-e-type=\"widget\" data-widget_type=\"heading.default\">\n\t\t\t\t\t<p class=\"elementor-heading-title elementor-size-default\">IRIS est la premi\u00e8re plateforme gratuite qui donne acc\u00e8s, en un seul clic, aux documents r\u00e9glement\u00e9s des entreprises du monde entier.<\/p>\t\t\t\t<\/div>\n\t\t\t\t<div class=\"elementor-element elementor-element-16e1bae elementor-widget__width-initial elementor-widget elementor-widget-heading\" data-id=\"16e1bae\" data-element_type=\"widget\" data-e-type=\"widget\" data-widget_type=\"heading.default\">\n\t\t\t\t\t<p class=\"elementor-heading-title elementor-size-default\">Destin\u00e9e aux analystes, investisseurs et citoyens, elle permet de comparer les pratiques, d\u2019identifier les tendances et d\u2019enrichir vos analyses avec des donn\u00e9es fiables, lisibles et \u00e0 jour.<\/p>\t\t\t\t<\/div>\n\t\t\t\t<div class=\"elementor-element elementor-element-2c4518a elementor-widget__width-initial elementor-widget elementor-widget-heading\" data-id=\"2c4518a\" data-element_type=\"widget\" data-e-type=\"widget\" data-widget_type=\"heading.default\">\n\t\t\t\t\t<p class=\"elementor-heading-title elementor-size-default\">Explorez IRIS d\u00e8s maintenant et d\u00e9couvrez l\u2019information qui fa\u00e7onne l\u2019\u00e9conomie mondiale !<\/p>\t\t\t\t<\/div>\n\t\t\t\t<div class=\"elementor-element elementor-element-20a5df0 btn-style btn elementor-widget elementor-widget-button\" data-id=\"20a5df0\" data-element_type=\"widget\" data-e-type=\"widget\" data-widget_type=\"button.default\">\n\t\t\t\t\t\t\t\t\t\t<a class=\"elementor-button elementor-button-link elementor-size-sm\" href=\"https:\/\/iris-transparency.com\/\" target=\"_blank\">\n\t\t\t\t\t\t<span class=\"elementor-button-content-wrapper\">\n\t\t\t\t\t\t<span class=\"elementor-button-icon\">\n\t\t\t\t<i aria-hidden=\"true\" class=\"far fa-arrow-right\"><\/i>\t\t\t<\/span>\n\t\t\t\t\t\t\t\t\t<span class=\"elementor-button-text\">Acc\u00e9der \u00e0 IRIS<\/span>\n\t\t\t\t\t<\/span>\n\t\t\t\t\t<\/a>\n\t\t\t\t\t\t\t\t<\/div>\n\t\t\t\t\t<\/div>\n\t\t\t\t<\/div>\n\t\t\t\t<\/div>\n\t\t","protected":false},"excerpt":{"rendered":"<p>IRIS : l\u2019acc\u00e8s simplifi\u00e9 \u00e0 l\u2019information r\u00e9glement\u00e9e Explorez les publications cl\u00e9s des entreprises du monde entier IRIS est une plateforme digitale innovante qui centralise les documents r\u00e9glement\u00e9s des entreprises \u00e0 l\u2019\u00e9chelle mondiale. La Transparence commence par l&rsquo;acc\u00e8s \u00e0 l&rsquo;information Cette initiative s\u2019inscrit pleinement dans l\u2019engagement du groupe Labrador Transparency en faveur d\u2019une \u00e9conomie plus transparente [&hellip;]<\/p>\n","protected":false},"author":3,"featured_media":0,"parent":0,"menu_order":0,"comment_status":"closed","ping_status":"closed","template":"","meta":{"_acf_changed":false,"content-type":"","inline_featured_image":false,"footnotes":""},"class_list":["post-1424","page","type-page","status-publish","hentry"],"acf":[],"yoast_head":"<!-- This site is optimized with the Yoast SEO plugin v26.8 - https:\/\/yoast.com\/product\/yoast-seo-wordpress\/ -->\n<title>IRIS | Labrador Transparency<\/title>\n<meta name=\"description\" content=\"Acc\u00e9dez gratuitement \u00e0 tous les documents r\u00e9glement\u00e9s des entreprises mondiales gr\u00e2ce \u00e0 IRIS, la plateforme d\u00e9velopp\u00e9e par Labrador Transparency.\" \/>\n<meta name=\"robots\" content=\"index, follow, max-snippet:-1, max-image-preview:large, max-video-preview:-1\" \/>\n<link rel=\"canonical\" href=\"https:\/\/uat.labrador-transparency.com\/fr\/iris\/\" \/>\n<meta property=\"og:locale\" content=\"fr_FR\" \/>\n<meta property=\"og:type\" content=\"article\" \/>\n<meta property=\"og:title\" content=\"IRIS\" \/>\n<meta property=\"og:description\" content=\"Acc\u00e9dez gratuitement \u00e0 tous les documents r\u00e9glement\u00e9s des entreprises mondiales gr\u00e2ce \u00e0 IRIS, la plateforme d\u00e9velopp\u00e9e par Labrador Transparency.\" \/>\n<meta property=\"og:url\" content=\"https:\/\/uat.labrador-transparency.com\/fr\/iris\/\" \/>\n<meta property=\"og:site_name\" content=\"Labrador Transparency\" \/>\n<meta property=\"article:modified_time\" content=\"2025-06-04T09:37:13+00:00\" \/>\n<meta property=\"og:image\" content=\"https:\/\/www.labrador-transparency.com\/wp-content\/uploads\/2025\/05\/banner-IRIS-fr.webp\" \/>\n<meta name=\"twitter:card\" content=\"summary_large_image\" \/>\n<meta name=\"twitter:title\" content=\"IRIS\" \/>\n<meta name=\"twitter:description\" content=\"Acc\u00e9dez gratuitement \u00e0 tous les documents r\u00e9glement\u00e9s des entreprises mondiales gr\u00e2ce \u00e0 IRIS, la plateforme d\u00e9velopp\u00e9e par Labrador Transparency.\" \/>\n<meta name=\"twitter:label1\" content=\"Dur\u00e9e de lecture estim\u00e9e\" \/>\n\t<meta name=\"twitter:data1\" content=\"2 minutes\" \/>\n<script type=\"application\/ld+json\" class=\"yoast-schema-graph\">{\"@context\":\"https:\/\/schema.org\",\"@graph\":[{\"@type\":\"WebPage\",\"@id\":\"https:\/\/uat.labrador-transparency.com\/fr\/iris\/\",\"url\":\"https:\/\/uat.labrador-transparency.com\/fr\/iris\/\",\"name\":\"IRIS | Labrador Transparency\",\"isPartOf\":{\"@id\":\"https:\/\/uat.labrador-transparency.com\/fr\/#website\"},\"primaryImageOfPage\":{\"@id\":\"https:\/\/uat.labrador-transparency.com\/fr\/iris\/#primaryimage\"},\"image\":{\"@id\":\"https:\/\/uat.labrador-transparency.com\/fr\/iris\/#primaryimage\"},\"thumbnailUrl\":\"https:\/\/www.labrador-transparency.com\/wp-content\/uploads\/2025\/05\/banner-IRIS-fr.webp\",\"datePublished\":\"2025-05-08T06:33:49+00:00\",\"dateModified\":\"2025-06-04T09:37:13+00:00\",\"description\":\"Acc\u00e9dez gratuitement \u00e0 tous les documents r\u00e9glement\u00e9s des entreprises mondiales gr\u00e2ce \u00e0 IRIS, la plateforme d\u00e9velopp\u00e9e par Labrador Transparency.\",\"breadcrumb\":{\"@id\":\"https:\/\/uat.labrador-transparency.com\/fr\/iris\/#breadcrumb\"},\"inLanguage\":\"fr-FR\",\"potentialAction\":[{\"@type\":\"ReadAction\",\"target\":[\"https:\/\/uat.labrador-transparency.com\/fr\/iris\/\"]}]},{\"@type\":\"ImageObject\",\"inLanguage\":\"fr-FR\",\"@id\":\"https:\/\/uat.labrador-transparency.com\/fr\/iris\/#primaryimage\",\"url\":\"https:\/\/www.labrador-transparency.com\/wp-content\/uploads\/2025\/05\/banner-IRIS-fr.webp\",\"contentUrl\":\"https:\/\/www.labrador-transparency.com\/wp-content\/uploads\/2025\/05\/banner-IRIS-fr.webp\"},{\"@type\":\"BreadcrumbList\",\"@id\":\"https:\/\/uat.labrador-transparency.com\/fr\/iris\/#breadcrumb\",\"itemListElement\":[{\"@type\":\"ListItem\",\"position\":1,\"name\":\"Home\",\"item\":\"https:\/\/uat.labrador-transparency.com\/fr\/\"},{\"@type\":\"ListItem\",\"position\":2,\"name\":\"IRIS\"}]},{\"@type\":\"WebSite\",\"@id\":\"https:\/\/uat.labrador-transparency.com\/fr\/#website\",\"url\":\"https:\/\/uat.labrador-transparency.com\/fr\/\",\"name\":\"Labrador Transparency\",\"description\":\"\",\"publisher\":{\"@id\":\"https:\/\/uat.labrador-transparency.com\/fr\/#organization\"},\"potentialAction\":[{\"@type\":\"SearchAction\",\"target\":{\"@type\":\"EntryPoint\",\"urlTemplate\":\"https:\/\/uat.labrador-transparency.com\/fr\/?s={search_term_string}\"},\"query-input\":{\"@type\":\"PropertyValueSpecification\",\"valueRequired\":true,\"valueName\":\"search_term_string\"}}],\"inLanguage\":\"fr-FR\"},{\"@type\":\"Organization\",\"@id\":\"https:\/\/uat.labrador-transparency.com\/fr\/#organization\",\"name\":\"Labrador\",\"url\":\"https:\/\/uat.labrador-transparency.com\/fr\/\",\"logo\":{\"@type\":\"ImageObject\",\"inLanguage\":\"fr-FR\",\"@id\":\"https:\/\/uat.labrador-transparency.com\/fr\/#\/schema\/logo\/image\/\",\"url\":\"https:\/\/uat.labrador-transparency.com\/wp-content\/uploads\/2021\/11\/logo-r1.svg\",\"contentUrl\":\"https:\/\/uat.labrador-transparency.com\/wp-content\/uploads\/2021\/11\/logo-r1.svg\",\"width\":304,\"height\":60,\"caption\":\"Labrador\"},\"image\":{\"@id\":\"https:\/\/uat.labrador-transparency.com\/fr\/#\/schema\/logo\/image\/\"}}]}<\/script>\n<!-- \/ Yoast SEO plugin. -->","yoast_head_json":{"title":"IRIS | Labrador Transparency","description":"Acc\u00e9dez gratuitement \u00e0 tous les documents r\u00e9glement\u00e9s des entreprises mondiales gr\u00e2ce \u00e0 IRIS, la plateforme d\u00e9velopp\u00e9e par Labrador Transparency.","robots":{"index":"index","follow":"follow","max-snippet":"max-snippet:-1","max-image-preview":"max-image-preview:large","max-video-preview":"max-video-preview:-1"},"canonical":"https:\/\/uat.labrador-transparency.com\/fr\/iris\/","og_locale":"fr_FR","og_type":"article","og_title":"IRIS","og_description":"Acc\u00e9dez gratuitement \u00e0 tous les documents r\u00e9glement\u00e9s des entreprises mondiales gr\u00e2ce \u00e0 IRIS, la plateforme d\u00e9velopp\u00e9e par Labrador Transparency.","og_url":"https:\/\/uat.labrador-transparency.com\/fr\/iris\/","og_site_name":"Labrador Transparency","article_modified_time":"2025-06-04T09:37:13+00:00","og_image":[{"url":"https:\/\/www.labrador-transparency.com\/wp-content\/uploads\/2025\/05\/banner-IRIS-fr.webp","type":"","width":"","height":""}],"twitter_card":"summary_large_image","twitter_title":"IRIS","twitter_description":"Acc\u00e9dez gratuitement \u00e0 tous les documents r\u00e9glement\u00e9s des entreprises mondiales gr\u00e2ce \u00e0 IRIS, la plateforme d\u00e9velopp\u00e9e par Labrador Transparency.","twitter_misc":{"Dur\u00e9e de lecture estim\u00e9e":"2 minutes"},"schema":{"@context":"https:\/\/schema.org","@graph":[{"@type":"WebPage","@id":"https:\/\/uat.labrador-transparency.com\/fr\/iris\/","url":"https:\/\/uat.labrador-transparency.com\/fr\/iris\/","name":"IRIS | Labrador Transparency","isPartOf":{"@id":"https:\/\/uat.labrador-transparency.com\/fr\/#website"},"primaryImageOfPage":{"@id":"https:\/\/uat.labrador-transparency.com\/fr\/iris\/#primaryimage"},"image":{"@id":"https:\/\/uat.labrador-transparency.com\/fr\/iris\/#primaryimage"},"thumbnailUrl":"https:\/\/www.labrador-transparency.com\/wp-content\/uploads\/2025\/05\/banner-IRIS-fr.webp","datePublished":"2025-05-08T06:33:49+00:00","dateModified":"2025-06-04T09:37:13+00:00","description":"Acc\u00e9dez gratuitement \u00e0 tous les documents r\u00e9glement\u00e9s des entreprises mondiales gr\u00e2ce \u00e0 IRIS, la plateforme d\u00e9velopp\u00e9e par Labrador Transparency.","breadcrumb":{"@id":"https:\/\/uat.labrador-transparency.com\/fr\/iris\/#breadcrumb"},"inLanguage":"fr-FR","potentialAction":[{"@type":"ReadAction","target":["https:\/\/uat.labrador-transparency.com\/fr\/iris\/"]}]},{"@type":"ImageObject","inLanguage":"fr-FR","@id":"https:\/\/uat.labrador-transparency.com\/fr\/iris\/#primaryimage","url":"https:\/\/www.labrador-transparency.com\/wp-content\/uploads\/2025\/05\/banner-IRIS-fr.webp","contentUrl":"https:\/\/www.labrador-transparency.com\/wp-content\/uploads\/2025\/05\/banner-IRIS-fr.webp"},{"@type":"BreadcrumbList","@id":"https:\/\/uat.labrador-transparency.com\/fr\/iris\/#breadcrumb","itemListElement":[{"@type":"ListItem","position":1,"name":"Home","item":"https:\/\/uat.labrador-transparency.com\/fr\/"},{"@type":"ListItem","position":2,"name":"IRIS"}]},{"@type":"WebSite","@id":"https:\/\/uat.labrador-transparency.com\/fr\/#website","url":"https:\/\/uat.labrador-transparency.com\/fr\/","name":"Labrador Transparency","description":"","publisher":{"@id":"https:\/\/uat.labrador-transparency.com\/fr\/#organization"},"potentialAction":[{"@type":"SearchAction","target":{"@type":"EntryPoint","urlTemplate":"https:\/\/uat.labrador-transparency.com\/fr\/?s={search_term_string}"},"query-input":{"@type":"PropertyValueSpecification","valueRequired":true,"valueName":"search_term_string"}}],"inLanguage":"fr-FR"},{"@type":"Organization","@id":"https:\/\/uat.labrador-transparency.com\/fr\/#organization","name":"Labrador","url":"https:\/\/uat.labrador-transparency.com\/fr\/","logo":{"@type":"ImageObject","inLanguage":"fr-FR","@id":"https:\/\/uat.labrador-transparency.com\/fr\/#\/schema\/logo\/image\/","url":"https:\/\/uat.labrador-transparency.com\/wp-content\/uploads\/2021\/11\/logo-r1.svg","contentUrl":"https:\/\/uat.labrador-transparency.com\/wp-content\/uploads\/2021\/11\/logo-r1.svg","width":304,"height":60,"caption":"Labrador"},"image":{"@id":"https:\/\/uat.labrador-transparency.com\/fr\/#\/schema\/logo\/image\/"}}]}},"publishpress_future_action":{"enabled":false,"date":"2026-04-26 13:20:51","action":"change-status","newStatus":"draft","terms":[],"taxonomy":"translation_priority","extraData":[]},"publishpress_future_workflow_manual_trigger":{"enabledWorkflows":[]},"_links":{"self":[{"href":"https:\/\/uat.labrador-transparency.com\/fr\/wp-json\/wp\/v2\/pages\/1424","targetHints":{"allow":["GET"]}}],"collection":[{"href":"https:\/\/uat.labrador-transparency.com\/fr\/wp-json\/wp\/v2\/pages"}],"about":[{"href":"https:\/\/uat.labrador-transparency.com\/fr\/wp-json\/wp\/v2\/types\/page"}],"author":[{"embeddable":true,"href":"https:\/\/uat.labrador-transparency.com\/fr\/wp-json\/wp\/v2\/users\/3"}],"replies":[{"embeddable":true,"href":"https:\/\/uat.labrador-transparency.com\/fr\/wp-json\/wp\/v2\/comments?post=1424"}],"version-history":[{"count":0,"href":"https:\/\/uat.labrador-transparency.com\/fr\/wp-json\/wp\/v2\/pages\/1424\/revisions"}],"wp:attachment":[{"href":"https:\/\/uat.labrador-transparency.com\/fr\/wp-json\/wp\/v2\/media?parent=1424"}],"curies":[{"name":"wp","href":"https:\/\/api.w.org\/{rel}","templated":true}]}}